{"id":114,"date":"2015-05-14T12:04:07","date_gmt":"2015-05-14T10:04:07","guid":{"rendered":"http:\/\/hsv-starnberg.de\/wordpress\/?page_id=114"},"modified":"2021-05-26T09:52:06","modified_gmt":"2021-05-26T07:52:06","slug":"junghunde","status":"publish","type":"page","link":"https:\/\/hsv-starnberg.de\/?page_id=114","title":{"rendered":"Junghundespielstunden"},"content":{"rendered":"<p>Nach der Welpenzeit kommt Ihr Hund in eine Entwicklungsphase, in der er Sie verst\u00e4rkt fordert. Der Hund folgt nicht mehr \u201cblind\u201c, sondern testet auch gerne mal aus, ob Kommandos auch wirklich befolgt werden m\u00fcssen. Er wird vieles in Frage stellen, was vorher beherrscht wurde. Was bisher prima geklappt hat, ist scheinbar alles wieder vergessen. Diese Phase ist absolut normal.<\/p>\n<p>Und genau f\u00fcr diese Phase bieten wir die Junghundespielstunde an! Sie stellt eine sinnvolle Fortf\u00fchrung der Welpenspielstunde dar\u00a0 und ist f\u00fcr junge Hunde ab etwa 5 Monate geeignet. Selbstverst\u00e4ndlich sind auch Quereinsteiger herzlich willkommen.<\/p>\n<p>In der Junghundespielstunde soll durch viele gemeinsame \u00dcbungen das Vertrauen und die Bindung zwischen Hund und Besitzer gest\u00e4rkt werden, damit Sie und Ihr Hund zu einem tollen Team zusammenwachsen k\u00f6nnen. Bisher Erlerntes wird weiter vertieft, gefestigt \u00a0und ausgebaut. Interessiert k\u00f6nnen sich jetzt schon in Richtung \u201cUnterordnung\u201d vorantasten. Uns ist es wichtig, dass Sie Ihren Hund mit Ruhe, Souver\u00e4nit\u00e4t und vor allem liebevolle Konsequenz f\u00fchren lernen. Dennoch darf Ihr heranwachsender Freund auch weiterhin in dieser Stunde viele Sozialkontakte pflegen und unter Aufsicht mit Artgenossen spielen.<\/p>\n<p>Zum Besuch der Junghundespielstunde sollten Sie auf jeden Fall mitbringen:<\/p>\n<ul>\n<li>Impfausweis (einmalig, Nachweis der Grundimmunisierung und Tollwutimpfung)<\/li>\n<li>ein Spielzeug ( Ball an der Schnur, weiches Zerrspielzeug)<\/li>\n<li><strong>reichlich kleine und weiche<\/strong> Leckerlies zur Belohnung (Wiener-Scheiben, K\u00e4sew\u00fcrfel)<\/li>\n<li>Bauchtasche f\u00fcr die Leckerlies<\/li>\n<li>eine kurze Leine (keine Flexileine)<\/li>\n<li>Halsband oder Geschirr<\/li>\n<\/ul>\n<ul>\n<li><strong>Informationen:<\/strong><\/li>\n<li>Zeit: \u00a0\u00a0\u00a0\u00a0\u00a0\u00a0\u00a0\u00a0\u00a0\u00a0\u00a0\u00a0\u00a0\u00a0 \u00a0\u00a0\u00a0\u00a0\u00a0\u00a0\u00a0\u00a0\u00a0\u00a0\u00a0\u00a0\u00a0\u00a0\u00a0\u00a0\u00a0 \u00a0Samstag 15.30 Uhr<\/li>\n<li>Kursart:\u00a0\u00a0\u00a0\u00a0\u00a0\u00a0\u00a0\u00a0\u00a0\u00a0 \u00a0\u00a0\u00a0\u00a0\u00a0\u00a0\u00a0\u00a0\u00a0\u00a0\u00a0\u00a0\u00a0\u00a0\u00a0 offener Kurs<\/li>\n<li>Alter des Hundes:\u00a0\u00a0\u00a0\u00a0\u00a0 ab ca. 5. Lebensmonat<\/li>\n<li>Kosten:\u00a0\u00a0\u00a0\u00a0\u00a0\u00a0\u00a0\u00a0\u00a0\u00a0\u00a0\u00a0\u00a0\u00a0\u00a0\u00a0\u00a0\u00a0\u00a0\u00a0\u00a0\u00a0\u00a0\u00a0\u00a0\u00a0\u00a0 \u00a08er-Karte f\u00fcr 100 Euro<\/li>\n<li>Dauer: \u00a0\u00a0\u00a0\u00a0\u00a0\u00a0\u00a0\u00a0\u00a0\u00a0\u00a0 \u00a0\u00a0\u00a0\u00a0\u00a0\u00a0\u00a0\u00a0\u00a0\u00a0\u00a0\u00a0\u00a0\u00a0\u00a0\u00a0\u00a0 Eine Stunde<\/li>\n<li>Ansprechpartner:\u00a0\u00a0\u00a0\u00a0\u00a0 Inge Probst<\/li>\n<li>\u00a0\u00a0\u00a0\u00a0\u00a0\u00a0\u00a0\u00a0\u00a0\u00a0\u00a0\u00a0\u00a0\u00a0\u00a0\u00a0\u00a0\u00a0\u00a0\u00a0\u00a0\u00a0\u00a0\u00a0\u00a0\u00a0\u00a0\u00a0\u00a0\u00a0\u00a0\u00a0\u00a0\u00a0\u00a0\u00a0\u00a0\u00a0\u00a0\u00a0\u00a0\u00a0\u00a0\u00a0\u00a0 Tel. 0171\/9746674 Dienstag, Mittwoch und<\/li>\n<li>\u00a0\u00a0\u00a0\u00a0\u00a0\u00a0\u00a0\u00a0\u00a0\u00a0\u00a0\u00a0\u00a0\u00a0\u00a0\u00a0\u00a0\u00a0\u00a0\u00a0\u00a0\u00a0\u00a0\u00a0\u00a0\u00a0\u00a0\u00a0\u00a0\u00a0\u00a0\u00a0\u00a0\u00a0\u00a0\u00a0\u00a0\u00a0\u00a0\u00a0\u00a0\u00a0\u00a0\u00a0\u00a0\u00a0 Donnerstag zwischen 18.00 und 20.00 Uhr<\/li>\n<\/ul>\n<p>&nbsp;<\/p>\n","protected":false},"excerpt":{"rendered":"<p>Nach der Welpenzeit kommt Ihr Hund in eine Entwicklungsphase, in der er Sie verst\u00e4rkt fordert. Der Hund folgt nicht mehr \u201cblind\u201c, sondern testet auch gerne mal aus, ob Kommandos auch wirklich befolgt werden m\u00fcssen. Er wird vieles in Frage stellen, was vorher beherrscht wurde. Was bisher prima geklappt hat, ist scheinbar alles wieder vergessen. Diese &hellip; <a href=\"https:\/\/hsv-starnberg.de\/?page_id=114\" class=\"more-link\"><span class=\"screen-reader-text\">Junghundespielstunden<\/span> weiterlesen <span class=\"meta-nav\">&rarr;<\/span><\/a><\/p>\n","protected":false},"author":1,"featured_media":0,"parent":110,"menu_order":0,"comment_status":"closed","ping_status":"closed","template":"page-templates\/full-width.php","meta":{"footnotes":""},"class_list":["post-114","page","type-page","status-publish","hentry"],"_links":{"self":[{"href":"https:\/\/hsv-starnberg.de\/index.php?rest_route=\/wp\/v2\/pages\/114","targetHints":{"allow":["GET"]}}],"collection":[{"href":"https:\/\/hsv-starnberg.de\/index.php?rest_route=\/wp\/v2\/pages"}],"about":[{"href":"https:\/\/hsv-starnberg.de\/index.php?rest_route=\/wp\/v2\/types\/page"}],"author":[{"embeddable":true,"href":"https:\/\/hsv-starnberg.de\/index.php?rest_route=\/wp\/v2\/users\/1"}],"replies":[{"embeddable":true,"href":"https:\/\/hsv-starnberg.de\/index.php?rest_route=%2Fwp%2Fv2%2Fcomments&post=114"}],"version-history":[{"count":8,"href":"https:\/\/hsv-starnberg.de\/index.php?rest_route=\/wp\/v2\/pages\/114\/revisions"}],"predecessor-version":[{"id":3426,"href":"https:\/\/hsv-starnberg.de\/index.php?rest_route=\/wp\/v2\/pages\/114\/revisions\/3426"}],"up":[{"embeddable":true,"href":"https:\/\/hsv-starnberg.de\/index.php?rest_route=\/wp\/v2\/pages\/110"}],"wp:attachment":[{"href":"https:\/\/hsv-starnberg.de\/index.php?rest_route=%2Fwp%2Fv2%2Fmedia&parent=114"}],"curies":[{"name":"wp","href":"https:\/\/api.w.org\/{rel}","templated":true}]}}