{"id":118,"date":"2015-05-14T12:04:52","date_gmt":"2015-05-14T10:04:52","guid":{"rendered":"http:\/\/hsv-starnberg.de\/wordpress\/?page_id=118"},"modified":"2020-06-25T22:36:14","modified_gmt":"2020-06-25T20:36:14","slug":"bh-ausbildung","status":"publish","type":"page","link":"https:\/\/hsv-starnberg.de\/?page_id=118","title":{"rendered":"BH &#8211; Ausbildung"},"content":{"rendered":"<p>Ansprechpartner<\/p>\n<p>Laura Giesen, Telefon 0151 75013442<\/p>\n<p>Email: laura.giesen@web.de<\/p>\n<p><strong><span style=\"color: #999999;\">Begleithundepr\u00fcfung laut VDH (Verband f\u00fcr das deutsche Hundewesen):<\/span><\/strong><\/p>\n<p><span style=\"color: #999999;\">&#8222;Der Hund zeigt im ersten Teil der Pr\u00fcfung auf einem eingefriedeten Grundst\u00fcck, dass er sich problemlos von seinem Hundehalter durch verschiedene Situationen und Aufgaben f\u00fchren l\u00e4sst. Im zweiten Teil wird sein Verhalten im \u00f6ffentlichen Raum und im Stra\u00dfenverkehr gepr\u00fcft. Die nachgewiesene Alltagstauglichkeit eines Hundes ist eine wichtige Grundlage f\u00fcr ein harmonisches Miteinander von Mensch und Tier &#8211; und eine strikte Grundvoraussetzung f\u00fcr alle Hundesportarten.<\/span><\/p>\n<p><span style=\"color: #999999;\">Vor Pr\u00fcfungsbeginn muss der Hundehalter bei einem Sachkundetest zun\u00e4chst nachweisen, dass er \u00fcber das notwendige Grundwissen der Hundehaltung verf\u00fcgt. Das Mindestalter des Hundes betr\u00e4gt 15 Monate. Zur eindeutigen Feststellung der Identit\u00e4t des Tieres ist ein Chip oder eine T\u00e4towierung erforderlich. Im VDH gilt f\u00fcr die Begleithundpr\u00fcfung seit 2012 die Internationale Pr\u00fcfungsordnung der FCI (F\u00e9deration Cynologique Internationale).<\/span><\/p>\n<p><span style=\"color: #999999;\">Die Begleithundepr\u00fcfung (BH) kann bei pr\u00fcfungsberechtigten VDH-Mitgliedsvereinen absolviert werden. Dort ist auch der VDH-Leitfaden f\u00fcr die Begleithundepr\u00fcfung erh\u00e4ltlich.&#8220;<\/span><\/p>\n<p>An der Begleithundepr\u00fcfung k\u00f6nnen alle Hunderassen ob gro\u00df oder klein teilnehmen. Eine bestandene Begleithundepr\u00fcfung ist f\u00fcr einen Gro\u00dfteil der offiziell anerkannten Hundesportarten Voraussetzung um an entsprechenden Pr\u00fcfungen und Turnieren teilzunehmen.<\/p>\n","protected":false},"excerpt":{"rendered":"<p>Ansprechpartner Laura Giesen, Telefon 0151 75013442 Email: laura.giesen@web.de Begleithundepr\u00fcfung laut VDH (Verband f\u00fcr das deutsche Hundewesen): &#8222;Der Hund zeigt im ersten Teil der Pr\u00fcfung auf einem eingefriedeten Grundst\u00fcck, dass er sich problemlos von seinem Hundehalter durch verschiedene Situationen und Aufgaben f\u00fchren l\u00e4sst. Im zweiten Teil wird sein Verhalten im \u00f6ffentlichen Raum und im Stra\u00dfenverkehr gepr\u00fcft. &hellip; <a href=\"https:\/\/hsv-starnberg.de\/?page_id=118\" class=\"more-link\"><span class=\"screen-reader-text\">BH &#8211; Ausbildung<\/span> weiterlesen <span class=\"meta-nav\">&rarr;<\/span><\/a><\/p>\n","protected":false},"author":1,"featured_media":0,"parent":110,"menu_order":0,"comment_status":"closed","ping_status":"closed","template":"page-templates\/full-width.php","meta":{"footnotes":""},"class_list":["post-118","page","type-page","status-publish","hentry"],"_links":{"self":[{"href":"https:\/\/hsv-starnberg.de\/index.php?rest_route=\/wp\/v2\/pages\/118","targetHints":{"allow":["GET"]}}],"collection":[{"href":"https:\/\/hsv-starnberg.de\/index.php?rest_route=\/wp\/v2\/pages"}],"about":[{"href":"https:\/\/hsv-starnberg.de\/index.php?rest_route=\/wp\/v2\/types\/page"}],"author":[{"embeddable":true,"href":"https:\/\/hsv-starnberg.de\/index.php?rest_route=\/wp\/v2\/users\/1"}],"replies":[{"embeddable":true,"href":"https:\/\/hsv-starnberg.de\/index.php?rest_route=%2Fwp%2Fv2%2Fcomments&post=118"}],"version-history":[{"count":5,"href":"https:\/\/hsv-starnberg.de\/index.php?rest_route=\/wp\/v2\/pages\/118\/revisions"}],"predecessor-version":[{"id":2638,"href":"https:\/\/hsv-starnberg.de\/index.php?rest_route=\/wp\/v2\/pages\/118\/revisions\/2638"}],"up":[{"embeddable":true,"href":"https:\/\/hsv-starnberg.de\/index.php?rest_route=\/wp\/v2\/pages\/110"}],"wp:attachment":[{"href":"https:\/\/hsv-starnberg.de\/index.php?rest_route=%2Fwp%2Fv2%2Fmedia&parent=118"}],"curies":[{"name":"wp","href":"https:\/\/api.w.org\/{rel}","templated":true}]}}