{"id":15,"date":"2015-04-11T22:58:04","date_gmt":"2015-04-11T20:58:04","guid":{"rendered":"http:\/\/hsv-starnberg.de\/wordpress\/?page_id=15"},"modified":"2026-04-16T23:17:07","modified_gmt":"2026-04-16T21:17:07","slug":"startseite-2","status":"publish","type":"page","link":"https:\/\/hsv-starnberg.de\/","title":{"rendered":"Home"},"content":{"rendered":"\n<h1 class=\"wp-block-heading\">&nbsp;<\/h1>\n\n\n\n<h1 class=\"wp-block-heading\" id=\"willkommen\"><span style=\"color: #346354;\">&nbsp; &nbsp; Willkommen<\/span><\/h1>\n\n\n\n<p>auf der Homepage des Hundesportverein Starnberg. Wir werden versuchen einen \u00dcberblick \u00fcber unseren Verein, unser Vereins- leben und unsere Vereinsaktivit\u00e4ten zu geben. Falls Interesse an unserem Verein oder an einem der angebotenen Kurse besteht werden wir uns \u00fcber einen Besuch bei uns w\u00e4hrend der \u00dcbungszeiten freuen. In einem pers\u00f6nlichen Gespr\u00e4ch k\u00f6nnen wir Ihre W\u00fcnsche und Bed\u00fcrfnisse er\u00f6rtern und sie erhalten die M\u00f6glichkeit probeweise an unseren Trainings teilzunehmen.<\/p>\n\n\n\n<hr class=\"wp-block-separator has-css-opacity\"\/>\n\n\n\n<h1 class=\"wp-block-heading has-text-color\" id=\"1-neue-corona-regelung\" style=\"color:#a3006f\"><\/h1>\n\n\n\n<figure class=\"wp-block-image size-large\"><img loading=\"lazy\" decoding=\"async\" width=\"1024\" height=\"495\" src=\"https:\/\/hsv-starnberg.de\/wp-content\/uploads\/2026\/03\/Hunde-Maerz-2026-1024x495.jpeg\" alt=\"\" class=\"wp-image-7715\" srcset=\"https:\/\/hsv-starnberg.de\/wp-content\/uploads\/2026\/03\/Hunde-Maerz-2026-1024x495.jpeg 1024w, https:\/\/hsv-starnberg.de\/wp-content\/uploads\/2026\/03\/Hunde-Maerz-2026-640x309.jpeg 640w, https:\/\/hsv-starnberg.de\/wp-content\/uploads\/2026\/03\/Hunde-Maerz-2026-768x371.jpeg 768w, https:\/\/hsv-starnberg.de\/wp-content\/uploads\/2026\/03\/Hunde-Maerz-2026-1536x742.jpeg 1536w, https:\/\/hsv-starnberg.de\/wp-content\/uploads\/2026\/03\/Hunde-Maerz-2026.jpeg 2000w\" sizes=\"auto, (max-width: 1024px) 100vw, 1024px\" \/><\/figure>\n\n\n\n<p>Na, endlich findet wieder Training statt. Mal sehen wer da so alles kommt.<\/p>\n\n\n\n<h2 class=\"wp-block-heading\">&nbsp;<\/h2>\n\n\n\n<p><\/p>\n\n\n\n<h1 class=\"wp-block-heading\" id=\"aktuelle-infos\">A<span style=\"color: #003300;\">ktuelle Infos<\/span><\/h1>\n\n\n\n<p><\/p>\n\n\n\n<p><\/p>\n\n\n\n<p><\/p>\n\n\n\n<hr class=\"wp-block-separator has-alpha-channel-opacity\"\/>\n\n\n\n<h2 class=\"wp-block-heading\">BM Agility am 11.4.2026<\/h2>\n\n\n\n<p>Ariane Volkman wird in der Hundesporthalle Preith Bayerischer Meister in A3 mit ihrem Finegan. Wir gratulieren ganz herzlich.<\/p>\n\n\n\n<figure class=\"wp-block-gallery has-nested-images columns-default is-cropped wp-block-gallery-1 is-layout-flex wp-block-gallery-is-layout-flex\">\n<figure class=\"wp-block-image size-large\"><img loading=\"lazy\" decoding=\"async\" width=\"960\" height=\"718\" data-id=\"7740\" src=\"https:\/\/hsv-starnberg.de\/wp-content\/uploads\/2026\/04\/Finegang-Bay.-Meister-2026.jpg\" alt=\"\" class=\"wp-image-7740\" srcset=\"https:\/\/hsv-starnberg.de\/wp-content\/uploads\/2026\/04\/Finegang-Bay.-Meister-2026.jpg 960w, https:\/\/hsv-starnberg.de\/wp-content\/uploads\/2026\/04\/Finegang-Bay.-Meister-2026-640x479.jpg 640w, https:\/\/hsv-starnberg.de\/wp-content\/uploads\/2026\/04\/Finegang-Bay.-Meister-2026-768x574.jpg 768w\" sizes=\"auto, (max-width: 960px) 100vw, 960px\" \/><\/figure>\n<\/figure>\n\n\n\n<p>Finegan hat sich den Pokal und damit einen Teil seines Futter erarbeitet.<\/p>\n\n\n\n<h2 class=\"wp-block-heading\"><\/h2>\n\n\n\n<p>_________________________________________________________<\/p>\n\n\n\n<h1 class=\"wp-block-heading has-text-color\" id=\"1-neue-corona-regelung\" style=\"color:#a3006f\"><\/h1>\n\n\n\n<p><\/p>\n\n\n\n<p><\/p>\n\n\n\n<h2 class=\"wp-block-heading has-black-color has-text-color\" id=\"2-demnachst-anstehende-veranstaltungen\"><mark style=\"background-color:rgba(0, 0, 0, 0)\" class=\"has-inline-color has-green-color\"><strong>Demn\u00e4chst anstehende Veranstaltungen<\/strong><\/mark><\/h2>\n\n\n\n<p><\/p>\n\n\n\n<p><strong>A c h t u n g !<\/strong><\/p>\n\n\n\n<p><strong>Erster Arbeitsdienst in diesem Jahr am 18.4.26 ab 8.00 Uhr<\/strong><\/p>\n\n\n\n<p>24., 25. und 26. April 2026 Hoopers-Seminar<\/p>\n\n\n\n<p>2. und 3.5.2026 Agility-Turnier &#8211;  Meldungen \u00fcber O.M.A.<\/p>\n\n\n\n<p>17.5.2026 Begleithundepr\u00fcfung<\/p>\n\n\n\n<p>4.7.2026 TB-Nacht-Turnier &#8211; Meldungen \u00fcber O.M.A.<\/p>\n\n\n\n<p>11. und 12.7.2026 Hoopers-Turnier &#8211;  Meldungen \u00fcber O.M.A.<\/p>\n\n\n\n<p>\u00dcbrige Veranstaltungen unter &#8222;<strong><a href=\"https:\/\/hsv-starnberg.de\/?page_id=33\" data-type=\"page\" data-id=\"33\">Termine 2026<\/a><\/strong>&#8222;<\/p>\n\n\n\n<p><\/p>\n\n\n\n<p><\/p>\n\n\n\n<hr class=\"wp-block-separator has-alpha-channel-opacity\"\/>\n\n\n\n<figure class=\"wp-block-image size-large\"><img loading=\"lazy\" decoding=\"async\" width=\"1024\" height=\"1015\" src=\"https:\/\/hsv-starnberg.de\/wp-content\/uploads\/2024\/04\/Sponsoren-1024x1015.jpg\" alt=\"\" class=\"wp-image-6230\" srcset=\"https:\/\/hsv-starnberg.de\/wp-content\/uploads\/2024\/04\/Sponsoren-1024x1015.jpg 1024w, https:\/\/hsv-starnberg.de\/wp-content\/uploads\/2024\/04\/Sponsoren-640x634.jpg 640w, https:\/\/hsv-starnberg.de\/wp-content\/uploads\/2024\/04\/Sponsoren-150x150.jpg 150w, https:\/\/hsv-starnberg.de\/wp-content\/uploads\/2024\/04\/Sponsoren-768x761.jpg 768w, https:\/\/hsv-starnberg.de\/wp-content\/uploads\/2024\/04\/Sponsoren-1536x1522.jpg 1536w, https:\/\/hsv-starnberg.de\/wp-content\/uploads\/2024\/04\/Sponsoren.jpg 2045w\" sizes=\"auto, (max-width: 1024px) 100vw, 1024px\" \/><\/figure>\n\n\n\n<div class=\"wp-block-columns is-layout-flex wp-container-core-columns-is-layout-9d6595d7 wp-block-columns-is-layout-flex\">\n<div class=\"wp-block-column is-layout-flow wp-block-column-is-layout-flow\"><\/div>\n<\/div>\n\n\n\n<hr class=\"wp-block-separator has-css-opacity\"\/>\n\n\n\n<p><\/p>\n\n\n\n<hr class=\"wp-block-separator has-css-opacity\"\/>\n\n\n\n<h6 class=\"wp-block-heading\">&nbsp;<\/h6>\n\n\n\n<h5 class=\"wp-block-heading\">&nbsp;<\/h5>\n\n\n\n<h5 class=\"wp-block-heading\">&nbsp;<\/h5>\n\n\n\n<h2 class=\"wp-block-heading\">&nbsp;<\/h2>\n\n\n\n<p><a href=\"http:\/\/wildborn.com\"> <\/a><\/p>\n","protected":false},"excerpt":{"rendered":"<p>&nbsp; &nbsp; &nbsp; Willkommen auf der Homepage des Hundesportverein Starnberg. Wir werden versuchen einen \u00dcberblick \u00fcber unseren Verein, unser Vereins- leben und unsere Vereinsaktivit\u00e4ten zu geben. Falls Interesse an unserem Verein oder an einem der angebotenen Kurse besteht werden wir uns \u00fcber einen Besuch bei uns w\u00e4hrend der \u00dcbungszeiten freuen. In einem pers\u00f6nlichen Gespr\u00e4ch k\u00f6nnen &hellip; <a href=\"https:\/\/hsv-starnberg.de\/\" class=\"more-link\"><span class=\"screen-reader-text\">Home<\/span> weiterlesen <span class=\"meta-nav\">&rarr;<\/span><\/a><\/p>\n","protected":false},"author":1,"featured_media":0,"parent":0,"menu_order":0,"comment_status":"closed","ping_status":"closed","template":"","meta":{"footnotes":""},"class_list":["post-15","page","type-page","status-publish","hentry"],"_links":{"self":[{"href":"https:\/\/hsv-starnberg.de\/index.php?rest_route=\/wp\/v2\/pages\/15","targetHints":{"allow":["GET"]}}],"collection":[{"href":"https:\/\/hsv-starnberg.de\/index.php?rest_route=\/wp\/v2\/pages"}],"about":[{"href":"https:\/\/hsv-starnberg.de\/index.php?rest_route=\/wp\/v2\/types\/page"}],"author":[{"embeddable":true,"href":"https:\/\/hsv-starnberg.de\/index.php?rest_route=\/wp\/v2\/users\/1"}],"replies":[{"embeddable":true,"href":"https:\/\/hsv-starnberg.de\/index.php?rest_route=%2Fwp%2Fv2%2Fcomments&post=15"}],"version-history":[{"count":588,"href":"https:\/\/hsv-starnberg.de\/index.php?rest_route=\/wp\/v2\/pages\/15\/revisions"}],"predecessor-version":[{"id":7741,"href":"https:\/\/hsv-starnberg.de\/index.php?rest_route=\/wp\/v2\/pages\/15\/revisions\/7741"}],"wp:attachment":[{"href":"https:\/\/hsv-starnberg.de\/index.php?rest_route=%2Fwp%2Fv2%2Fmedia&parent=15"}],"curies":[{"name":"wp","href":"https:\/\/api.w.org\/{rel}","templated":true}]}}