{"id":1859,"date":"2019-05-26T13:49:32","date_gmt":"2019-05-26T11:49:32","guid":{"rendered":"http:\/\/hsv-starnberg.de\/?page_id=1859"},"modified":"2023-03-29T10:29:38","modified_gmt":"2023-03-29T08:29:38","slug":"treibball","status":"publish","type":"page","link":"https:\/\/hsv-starnberg.de\/?page_id=1859","title":{"rendered":"Treibball"},"content":{"rendered":"<p>Treibball-Gruppe beim HSV Starnberg jeden Freitag ab 16 Uhr und Montags ab 8.00 Uhr.<\/p>\n<p>Probetraining mit den bunten B\u00e4llen ist jederzeit nach\u00a0 telefonischer Anmeldung bei Trainerin Margit Mayr-Schwalb unter 0176 80701802 oder Email <a href=\"mailto:margit.mayrschwalb@web.de\">margit.mayrschwalb@web.de<\/a>, m\u00f6glich.<\/p>\n<p>Treibball wurde urspr\u00fcnglich als Alternative f\u00fcr H\u00fctehunde enwickelt. Inzwischen ist Treibball vom Deutschen Hundesportverband e.V. \u00a0anerkannt.\u00a0Die Pr\u00fcfungsordnung f\u00fcr Treibball im dhv finden Sie\u00a0<a href=\"https:\/\/www.dhv-hundesport.de\/content\/neu---treibball\/\">hier<\/a>.<\/p>\n<p>Es gibt bei Turnieren Beginner, Klasse 1 \u2013 3 und die Seniorenklasse f\u00fcr Hunde ab 8 Jahren<\/p>\n<p>Im Treibball Klasse 3 stehen Hund und Hundef\u00fchrer in einem Tor oder Gatter, gegen\u00fcber sind im Abstand von 20 m acht gro\u00dfe Gymnastikb\u00e4lle aufgebaut, \u00e4hnlich wie beim Billard als Dreieck. Auf Signal vom Hundef\u00fchrer l\u00e4uft der Hund hinter die B\u00e4lle und wartet auf das Signal zum Treiben. Der Hundef\u00fchrer mu\u00df hinter der Torlinie bleiben. Der Hund treibt zuerst den hintersten Ball durch die anderen durch ins Tor. Die B\u00e4lle sind nummeriert und werden nach der Reihe ins Tor gespielt. \u00a0Dabei agiert der Hund nie allein, alles entsteht durch gut funktionierende Kommunikation. Im zweiten Lauf liegen die B\u00e4lle in vorher festgelegter Formation.<\/p>\n<p>Die Gr\u00f6\u00dfe der B\u00e4lle und die Entfernungen vom Tor werden in 3 Gruppen nach der Schulterh\u00f6he des Hundes festgelegt.<\/p>\n<p>Wie lernt man das?<\/p>\n<p>Langsam! Treibball ist ein schneller Sport mit viel Arbeit auf Distanz. Wir wollen die Hunde auch in 20 m Entfernung noch ansprechen und lenken k\u00f6nnen. Dies erreichen wir durch einen langsamen Aufbau: der Hund \u00fcbt sich in Emotionskontrolle, der Hundef\u00fchrer in klarer Signalgebung. Wir trainieren einzelne Sequenzen und setzen sie erst zusammen, wenn sie gut verankert sind.<\/p>\n<p>Belohnungsleckerlis sind ein immer wieder viel diskutiertes Thema! Treibball ist selbstbelohnend, wenn ein Hund begriffen hat, worum es geht. Dabei ist Vorsicht geboten, schlie\u00dflich sollen die Hunde kontrollierbar bleiben. Daher arbeiten wir am Anfang mit sehr viel Futterbelohnung und trainieren von vornherein Konzentration und Ruhe. Langsam gehen wir dann \u00fcber zu Jackpots, also gr\u00f6\u00dfere Belohnungen, die f\u00fcr Handlungsketten oder besonders gute Denkleistungen gegeben werden.<\/p>\n<p>Jeder Hund kann Treibball lernen<\/p>\n<p>Hier gibt es keine Beschr\u00e4nkungen, weder durch Rasse noch durch Alter. Niemand mu\u00df Turnierreife erlangen, man kann auch zur pers\u00f6nlichen Auslastung und Befriedigung trainieren.<\/p>\n<p><iframe loading=\"lazy\" src=\"https:\/\/www.youtube.com\/embed\/y-1Q0lJbddA?rel=0\" width=\"560\" height=\"315\" frameborder=\"0\" allowfullscreen=\"allowfullscreen\"><\/iframe><\/p>\n<p>Oben: Lance und Kathrin zeigen den Aufbau in Klasse 1 mit 3 B\u00e4llen in 10 mtr. Entfernung.<\/p>\n<p>Unten: Impressionen aus dem Treibball-Training<\/p>\n<div class=\"rl-gallery-container \" id=\"rl-gallery-container-1\" data-gallery_id=\"0\"> <div class=\"rl-gallery rl-basicgrid-gallery \" id=\"rl-gallery-1\" data-gallery_no=\"1\"> <div class=\"rl-gallery-item\"><a href=\"https:\/\/hsv-starnberg.de\/wp-content\/uploads\/2019\/05\/Poldi-640x427.jpg\" title=\"\" data-rl_title=\"\" class=\"rl-gallery-link\" data-rl_caption=\"\" data-rel=\"lightbox-gallery-1\"><img loading=\"lazy\" decoding=\"async\" src=\"https:\/\/hsv-starnberg.de\/wp-content\/uploads\/2019\/05\/Poldi-640x427.jpg\" width=\"640\" height=\"427\" alt=\"\" \/><\/a><\/div><div class=\"rl-gallery-item\"><a href=\"https:\/\/hsv-starnberg.de\/wp-content\/uploads\/2019\/05\/Poldi-und-ich-640x427.jpg\" title=\"\" data-rl_title=\"\" class=\"rl-gallery-link\" data-rl_caption=\"\" data-rel=\"lightbox-gallery-1\"><img loading=\"lazy\" decoding=\"async\" src=\"https:\/\/hsv-starnberg.de\/wp-content\/uploads\/2019\/05\/Poldi-und-ich-640x427.jpg\" width=\"640\" height=\"427\" alt=\"\" \/><\/a><\/div><div class=\"rl-gallery-item\"><a href=\"https:\/\/hsv-starnberg.de\/wp-content\/uploads\/2019\/05\/TP-029-640x427.jpg\" title=\"\" data-rl_title=\"\" class=\"rl-gallery-link\" data-rl_caption=\"\" data-rel=\"lightbox-gallery-1\"><img loading=\"lazy\" decoding=\"async\" src=\"https:\/\/hsv-starnberg.de\/wp-content\/uploads\/2019\/05\/TP-029-640x427.jpg\" width=\"640\" height=\"427\" alt=\"\" \/><\/a><\/div><div class=\"rl-gallery-item\"><a href=\"https:\/\/hsv-starnberg.de\/wp-content\/uploads\/2019\/05\/TB-045-640x427.jpg\" title=\"\" data-rl_title=\"\" class=\"rl-gallery-link\" data-rl_caption=\"\" data-rel=\"lightbox-gallery-1\"><img loading=\"lazy\" decoding=\"async\" src=\"https:\/\/hsv-starnberg.de\/wp-content\/uploads\/2019\/05\/TB-045-640x427.jpg\" width=\"640\" height=\"427\" alt=\"\" \/><\/a><\/div><div class=\"rl-gallery-item\"><a href=\"https:\/\/hsv-starnberg.de\/wp-content\/uploads\/2019\/05\/TB-043-640x427.jpg\" title=\"\" data-rl_title=\"\" class=\"rl-gallery-link\" data-rl_caption=\"\" data-rel=\"lightbox-gallery-1\"><img loading=\"lazy\" decoding=\"async\" src=\"https:\/\/hsv-starnberg.de\/wp-content\/uploads\/2019\/05\/TB-043-640x427.jpg\" width=\"640\" height=\"427\" alt=\"\" \/><\/a><\/div><div class=\"rl-gallery-item\"><a href=\"https:\/\/hsv-starnberg.de\/wp-content\/uploads\/2019\/05\/TB-041-640x427.jpg\" title=\"\" data-rl_title=\"\" class=\"rl-gallery-link\" data-rl_caption=\"\" data-rel=\"lightbox-gallery-1\"><img loading=\"lazy\" decoding=\"async\" src=\"https:\/\/hsv-starnberg.de\/wp-content\/uploads\/2019\/05\/TB-041-640x427.jpg\" width=\"640\" height=\"427\" alt=\"\" \/><\/a><\/div><div class=\"rl-gallery-item\"><a href=\"https:\/\/hsv-starnberg.de\/wp-content\/uploads\/2019\/05\/TB-039-640x427.jpg\" title=\"\" data-rl_title=\"\" class=\"rl-gallery-link\" data-rl_caption=\"\" data-rel=\"lightbox-gallery-1\"><img loading=\"lazy\" decoding=\"async\" src=\"https:\/\/hsv-starnberg.de\/wp-content\/uploads\/2019\/05\/TB-039-640x427.jpg\" width=\"640\" height=\"427\" alt=\"\" \/><\/a><\/div><div class=\"rl-gallery-item\"><a href=\"https:\/\/hsv-starnberg.de\/wp-content\/uploads\/2019\/05\/TB-037-640x427.jpg\" title=\"\" data-rl_title=\"\" class=\"rl-gallery-link\" data-rl_caption=\"\" data-rel=\"lightbox-gallery-1\"><img loading=\"lazy\" decoding=\"async\" src=\"https:\/\/hsv-starnberg.de\/wp-content\/uploads\/2019\/05\/TB-037-640x427.jpg\" width=\"640\" height=\"427\" alt=\"\" \/><\/a><\/div><div class=\"rl-gallery-item\"><a href=\"https:\/\/hsv-starnberg.de\/wp-content\/uploads\/2019\/05\/TB-035-640x427.jpg\" title=\"\" data-rl_title=\"\" class=\"rl-gallery-link\" data-rl_caption=\"\" data-rel=\"lightbox-gallery-1\"><img loading=\"lazy\" decoding=\"async\" src=\"https:\/\/hsv-starnberg.de\/wp-content\/uploads\/2019\/05\/TB-035-640x427.jpg\" width=\"640\" height=\"427\" alt=\"\" \/><\/a><\/div><div class=\"rl-gallery-item\"><a href=\"https:\/\/hsv-starnberg.de\/wp-content\/uploads\/2019\/05\/TB-033-640x426.jpg\" title=\"\" data-rl_title=\"\" class=\"rl-gallery-link\" data-rl_caption=\"\" data-rel=\"lightbox-gallery-1\"><img loading=\"lazy\" decoding=\"async\" src=\"https:\/\/hsv-starnberg.de\/wp-content\/uploads\/2019\/05\/TB-033-640x426.jpg\" width=\"640\" height=\"426\" alt=\"\" \/><\/a><\/div><div class=\"rl-gallery-item\"><a href=\"https:\/\/hsv-starnberg.de\/wp-content\/uploads\/2019\/05\/TB-032-640x426.jpg\" title=\"\" data-rl_title=\"\" class=\"rl-gallery-link\" data-rl_caption=\"\" data-rel=\"lightbox-gallery-1\"><img loading=\"lazy\" decoding=\"async\" src=\"https:\/\/hsv-starnberg.de\/wp-content\/uploads\/2019\/05\/TB-032-640x426.jpg\" width=\"640\" height=\"426\" alt=\"\" \/><\/a><\/div><div class=\"rl-gallery-item\"><a href=\"https:\/\/hsv-starnberg.de\/wp-content\/uploads\/2019\/05\/TB-031-640x426.jpg\" title=\"\" data-rl_title=\"\" class=\"rl-gallery-link\" data-rl_caption=\"\" data-rel=\"lightbox-gallery-1\"><img loading=\"lazy\" decoding=\"async\" src=\"https:\/\/hsv-starnberg.de\/wp-content\/uploads\/2019\/05\/TB-031-640x426.jpg\" width=\"640\" height=\"426\" alt=\"\" \/><\/a><\/div><div class=\"rl-gallery-item\"><a href=\"https:\/\/hsv-starnberg.de\/wp-content\/uploads\/2019\/05\/TB-027-640x427.jpg\" title=\"\" data-rl_title=\"\" class=\"rl-gallery-link\" data-rl_caption=\"\" data-rel=\"lightbox-gallery-1\"><img loading=\"lazy\" decoding=\"async\" src=\"https:\/\/hsv-starnberg.de\/wp-content\/uploads\/2019\/05\/TB-027-640x427.jpg\" width=\"640\" height=\"427\" alt=\"\" \/><\/a><\/div><div class=\"rl-gallery-item\"><a href=\"https:\/\/hsv-starnberg.de\/wp-content\/uploads\/2019\/05\/TB-025-640x427.jpg\" title=\"\" data-rl_title=\"\" class=\"rl-gallery-link\" data-rl_caption=\"\" data-rel=\"lightbox-gallery-1\"><img loading=\"lazy\" decoding=\"async\" src=\"https:\/\/hsv-starnberg.de\/wp-content\/uploads\/2019\/05\/TB-025-640x427.jpg\" width=\"640\" height=\"427\" alt=\"\" \/><\/a><\/div><div class=\"rl-gallery-item\"><a href=\"https:\/\/hsv-starnberg.de\/wp-content\/uploads\/2019\/05\/TB-023-640x427.jpg\" title=\"\" data-rl_title=\"\" class=\"rl-gallery-link\" data-rl_caption=\"\" data-rel=\"lightbox-gallery-1\"><img loading=\"lazy\" decoding=\"async\" src=\"https:\/\/hsv-starnberg.de\/wp-content\/uploads\/2019\/05\/TB-023-640x427.jpg\" width=\"640\" height=\"427\" alt=\"\" \/><\/a><\/div><div class=\"rl-gallery-item\"><a href=\"https:\/\/hsv-starnberg.de\/wp-content\/uploads\/2019\/05\/TB-021-640x427.jpg\" title=\"\" data-rl_title=\"\" class=\"rl-gallery-link\" data-rl_caption=\"\" data-rel=\"lightbox-gallery-1\"><img loading=\"lazy\" decoding=\"async\" src=\"https:\/\/hsv-starnberg.de\/wp-content\/uploads\/2019\/05\/TB-021-640x427.jpg\" width=\"640\" height=\"427\" alt=\"\" \/><\/a><\/div><div class=\"rl-gallery-item\"><a href=\"https:\/\/hsv-starnberg.de\/wp-content\/uploads\/2019\/05\/TB-019-640x427.jpg\" title=\"\" data-rl_title=\"\" class=\"rl-gallery-link\" data-rl_caption=\"\" data-rel=\"lightbox-gallery-1\"><img loading=\"lazy\" decoding=\"async\" src=\"https:\/\/hsv-starnberg.de\/wp-content\/uploads\/2019\/05\/TB-019-640x427.jpg\" width=\"640\" height=\"427\" alt=\"\" \/><\/a><\/div><div class=\"rl-gallery-item\"><a href=\"https:\/\/hsv-starnberg.de\/wp-content\/uploads\/2019\/05\/TB-017-640x427.jpg\" title=\"\" data-rl_title=\"\" class=\"rl-gallery-link\" data-rl_caption=\"\" data-rel=\"lightbox-gallery-1\"><img loading=\"lazy\" decoding=\"async\" src=\"https:\/\/hsv-starnberg.de\/wp-content\/uploads\/2019\/05\/TB-017-640x427.jpg\" width=\"640\" height=\"427\" alt=\"\" \/><\/a><\/div><div class=\"rl-gallery-item\"><a href=\"https:\/\/hsv-starnberg.de\/wp-content\/uploads\/2019\/05\/TB-015-640x427.jpg\" title=\"\" data-rl_title=\"\" class=\"rl-gallery-link\" data-rl_caption=\"\" data-rel=\"lightbox-gallery-1\"><img loading=\"lazy\" decoding=\"async\" src=\"https:\/\/hsv-starnberg.de\/wp-content\/uploads\/2019\/05\/TB-015-640x427.jpg\" width=\"640\" height=\"427\" alt=\"\" \/><\/a><\/div><div class=\"rl-gallery-item\"><a href=\"https:\/\/hsv-starnberg.de\/wp-content\/uploads\/2019\/05\/TB-013-640x427.jpg\" title=\"\" data-rl_title=\"\" class=\"rl-gallery-link\" data-rl_caption=\"\" data-rel=\"lightbox-gallery-1\"><img loading=\"lazy\" decoding=\"async\" src=\"https:\/\/hsv-starnberg.de\/wp-content\/uploads\/2019\/05\/TB-013-640x427.jpg\" width=\"640\" height=\"427\" alt=\"\" \/><\/a><\/div><div class=\"rl-gallery-item\"><a href=\"https:\/\/hsv-starnberg.de\/wp-content\/uploads\/2019\/05\/TB-011-640x427.jpg\" title=\"\" data-rl_title=\"\" class=\"rl-gallery-link\" data-rl_caption=\"\" data-rel=\"lightbox-gallery-1\"><img loading=\"lazy\" decoding=\"async\" src=\"https:\/\/hsv-starnberg.de\/wp-content\/uploads\/2019\/05\/TB-011-640x427.jpg\" width=\"640\" height=\"427\" alt=\"\" \/><\/a><\/div><div class=\"rl-gallery-item\"><a href=\"https:\/\/hsv-starnberg.de\/wp-content\/uploads\/2019\/05\/TB-009-640x427.jpg\" title=\"\" data-rl_title=\"\" class=\"rl-gallery-link\" data-rl_caption=\"\" data-rel=\"lightbox-gallery-1\"><img loading=\"lazy\" decoding=\"async\" src=\"https:\/\/hsv-starnberg.de\/wp-content\/uploads\/2019\/05\/TB-009-640x427.jpg\" width=\"640\" height=\"427\" alt=\"\" \/><\/a><\/div><div class=\"rl-gallery-item\"><a href=\"https:\/\/hsv-starnberg.de\/wp-content\/uploads\/2019\/05\/TB-007-640x427.jpg\" title=\"\" data-rl_title=\"\" class=\"rl-gallery-link\" data-rl_caption=\"\" data-rel=\"lightbox-gallery-1\"><img loading=\"lazy\" decoding=\"async\" src=\"https:\/\/hsv-starnberg.de\/wp-content\/uploads\/2019\/05\/TB-007-640x427.jpg\" width=\"640\" height=\"427\" alt=\"\" \/><\/a><\/div><div class=\"rl-gallery-item\"><a href=\"https:\/\/hsv-starnberg.de\/wp-content\/uploads\/2019\/05\/TB-005-640x427.jpg\" title=\"\" data-rl_title=\"\" class=\"rl-gallery-link\" data-rl_caption=\"\" data-rel=\"lightbox-gallery-1\"><img loading=\"lazy\" decoding=\"async\" src=\"https:\/\/hsv-starnberg.de\/wp-content\/uploads\/2019\/05\/TB-005-640x427.jpg\" width=\"640\" height=\"427\" alt=\"\" \/><\/a><\/div><div class=\"rl-gallery-item\"><a href=\"https:\/\/hsv-starnberg.de\/wp-content\/uploads\/2019\/05\/TB-003-640x427.jpg\" title=\"\" data-rl_title=\"\" class=\"rl-gallery-link\" data-rl_caption=\"\" data-rel=\"lightbox-gallery-1\"><img loading=\"lazy\" decoding=\"async\" src=\"https:\/\/hsv-starnberg.de\/wp-content\/uploads\/2019\/05\/TB-003-640x427.jpg\" width=\"640\" height=\"427\" alt=\"\" \/><\/a><\/div><div class=\"rl-gallery-item\"><a href=\"https:\/\/hsv-starnberg.de\/wp-content\/uploads\/2019\/05\/TB-001-640x427.jpg\" title=\"\" data-rl_title=\"\" class=\"rl-gallery-link\" data-rl_caption=\"\" data-rel=\"lightbox-gallery-1\"><img loading=\"lazy\" decoding=\"async\" src=\"https:\/\/hsv-starnberg.de\/wp-content\/uploads\/2019\/05\/TB-001-640x427.jpg\" width=\"640\" height=\"427\" alt=\"\" \/><\/a><\/div> <\/div> <\/div>\n","protected":false},"excerpt":{"rendered":"<p>Treibball-Gruppe beim HSV Starnberg jeden Freitag ab 16 Uhr und Montags ab 8.00 Uhr. Probetraining mit den bunten B\u00e4llen ist jederzeit nach\u00a0 telefonischer Anmeldung bei Trainerin Margit Mayr-Schwalb unter 0176 80701802 oder Email margit.mayrschwalb@web.de, m\u00f6glich. Treibball wurde urspr\u00fcnglich als Alternative f\u00fcr H\u00fctehunde enwickelt. Inzwischen ist Treibball vom Deutschen Hundesportverband e.V. \u00a0anerkannt.\u00a0Die Pr\u00fcfungsordnung f\u00fcr Treibball im &hellip; <a href=\"https:\/\/hsv-starnberg.de\/?page_id=1859\" class=\"more-link\"><span class=\"screen-reader-text\">Treibball<\/span> weiterlesen <span class=\"meta-nav\">&rarr;<\/span><\/a><\/p>\n","protected":false},"author":1,"featured_media":0,"parent":87,"menu_order":0,"comment_status":"closed","ping_status":"closed","template":"","meta":{"footnotes":""},"class_list":["post-1859","page","type-page","status-publish","hentry"],"_links":{"self":[{"href":"https:\/\/hsv-starnberg.de\/index.php?rest_route=\/wp\/v2\/pages\/1859","targetHints":{"allow":["GET"]}}],"collection":[{"href":"https:\/\/hsv-starnberg.de\/index.php?rest_route=\/wp\/v2\/pages"}],"about":[{"href":"https:\/\/hsv-starnberg.de\/index.php?rest_route=\/wp\/v2\/types\/page"}],"author":[{"embeddable":true,"href":"https:\/\/hsv-starnberg.de\/index.php?rest_route=\/wp\/v2\/users\/1"}],"replies":[{"embeddable":true,"href":"https:\/\/hsv-starnberg.de\/index.php?rest_route=%2Fwp%2Fv2%2Fcomments&post=1859"}],"version-history":[{"count":27,"href":"https:\/\/hsv-starnberg.de\/index.php?rest_route=\/wp\/v2\/pages\/1859\/revisions"}],"predecessor-version":[{"id":5296,"href":"https:\/\/hsv-starnberg.de\/index.php?rest_route=\/wp\/v2\/pages\/1859\/revisions\/5296"}],"up":[{"embeddable":true,"href":"https:\/\/hsv-starnberg.de\/index.php?rest_route=\/wp\/v2\/pages\/87"}],"wp:attachment":[{"href":"https:\/\/hsv-starnberg.de\/index.php?rest_route=%2Fwp%2Fv2%2Fmedia&parent=1859"}],"curies":[{"name":"wp","href":"https:\/\/api.w.org\/{rel}","templated":true}]}}