{"id":5548,"date":"2023-07-19T23:59:44","date_gmt":"2023-07-19T21:59:44","guid":{"rendered":"https:\/\/hsv-starnberg.de\/?page_id=5548"},"modified":"2023-07-21T13:01:58","modified_gmt":"2023-07-21T11:01:58","slug":"100-jahr-feier-am-8-juni-2023","status":"publish","type":"page","link":"https:\/\/hsv-starnberg.de\/?page_id=5548","title":{"rendered":"100-Jahr-Feier am 8. Juni 2023"},"content":{"rendered":"\n<p>Unsere Feier fand bei traumhaftem Sommerwetter statt. Eingeladen waren alle unsere Mitglieder samt Familien und Freunden. Die Verpflegung wurde professionel vom Foodtrack der Redl&#8217;s \u00fcbernommen.<\/p>\n\n\n\n<p>Als Auftackt wurde von Mitgliedern querbeet durch die Abteilungen eine Dogdancing &#8211; Vorf\u00fchrung zu dem Lied &#8222;Happy Birthday&#8220; von DJ BoBo aufgef\u00fchrt.<\/p>\n\n\n\n<p>Anschlie\u00dfend hatten sich s\u00e4mtliche Abteilungen ordentlich ins Zeug gelegt und sehr sch\u00f6ne Vorf\u00fchrungen aus den jeweiligen Sportarten gezeigt. <\/p>\n\n\n\n<p>Daneben gab es Verlosungen. Selbstgebackene Hundeleckerchen konnten gekauft werden. An dem ROB Parcour durfte man sich selbst versuchen. Ein Rassequiz unserer Hunde war eine weitere Herausforderung.<\/p>\n\n\n\n<p>Konny war so lieb und hat den Tag in Bildern festgehalten. <\/p>\n\n\n\n<p>Konny hat jetzt mal ihre Bilder von unserer Feier in Alben auf Google hochgeladen und als &#8222;nicht gelistet&#8220; freigegeben. Bitte ver\u00f6ffentlicht die Links nicht in sozialen Medien. Falls jemand Bilder von sich gel\u00f6scht haben will, gebt bitte Konny Bescheid. <\/p>\n\n\n\n<p>Hier die Links:<\/p>\n\n\n\n<p><a href=\"https:\/\/photos.app.goo.gl\/Heg5sq9dhnXxAd568\"><strong>Geburtstagstanz<\/strong><\/a><br>https:\/\/photos.app.goo.gl\/Heg5sq9dhnXxAd568<\/p>\n\n\n\n<p><a href=\"https:\/\/photos.app.goo.gl\/8j5gaA2WmMfPL4yo7\"><strong>THS<\/strong><\/a><br>https:\/\/photos.app.goo.gl\/8j5gaA2WmMfPL4yo7<\/p>\n\n\n\n<p><a href=\"https:\/\/photos.app.goo.gl\/mfn65iAYDNsAb5Hu8\"><strong>Rassequiz<\/strong><\/a><br>https:\/\/photos.app.goo.gl\/mfn65iAYDNsAb5Hu8<\/p>\n\n\n\n<p><a href=\"https:\/\/photos.app.goo.gl\/cwnA7LzgHPwJYqEi8\"><strong>Treibball<\/strong><\/a><br>https:\/\/photos.app.goo.gl\/cwnA7LzgHPwJYqEi8<\/p>\n\n\n\n<p><a href=\"https:\/\/photos.app.goo.gl\/4CqSVzDwUrkSHjaH6\"><strong>Verschiedene<\/strong><\/a><br>https:\/\/photos.app.goo.gl\/4CqSVzDwUrkSHjaH6<\/p>\n\n\n\n<p><a href=\"https:\/\/photos.app.goo.gl\/eCKYEktf14uPwuem9\"><strong>ROB<\/strong><\/a><br>https:\/\/photos.app.goo.gl\/eCKYEktf14uPwuem9<\/p>\n\n\n\n<p><a href=\"https:\/\/photos.app.goo.gl\/ES6bjMQ2GmvJT5mn8\"><strong>IGP<\/strong><\/a><br>https:\/\/photos.app.goo.gl\/ES6bjMQ2GmvJT5mn8<\/p>\n\n\n\n<p><a href=\"https:\/\/photos.app.goo.gl\/5tqRtbdBbJUtg5zs5\"><strong>Flyball<\/strong><\/a><br>https:\/\/photos.app.goo.gl\/5tqRtbdBbJUtg5zs5<\/p>\n\n\n\n<p><strong><a href=\"https:\/\/photos.app.goo.gl\/iHj1jq5mu1UJKwiM6\">Hoopers<\/a><\/strong><br><a href=\"httphttps:\/\/photos.app.goo.gl\/iHj1jq5mu1UJKwiM6\">https:\/\/photos.app.goo.gl\/iHj1jq5mu1UJKwi\u2026<\/a><br><\/p>\n","protected":false},"excerpt":{"rendered":"<p>Unsere Feier fand bei traumhaftem Sommerwetter statt. Eingeladen waren alle unsere Mitglieder samt Familien und Freunden. Die Verpflegung wurde professionel vom Foodtrack der Redl&#8217;s \u00fcbernommen. Als Auftackt wurde von Mitgliedern querbeet durch die Abteilungen eine Dogdancing &#8211; Vorf\u00fchrung zu dem Lied &#8222;Happy Birthday&#8220; von DJ BoBo aufgef\u00fchrt. Anschlie\u00dfend hatten sich s\u00e4mtliche Abteilungen ordentlich ins Zeug &hellip; <a href=\"https:\/\/hsv-starnberg.de\/?page_id=5548\" class=\"more-link\"><span class=\"screen-reader-text\">100-Jahr-Feier am 8. Juni 2023<\/span> weiterlesen <span class=\"meta-nav\">&rarr;<\/span><\/a><\/p>\n","protected":false},"author":1,"featured_media":0,"parent":768,"menu_order":0,"comment_status":"closed","ping_status":"closed","template":"","meta":{"footnotes":""},"class_list":["post-5548","page","type-page","status-publish","hentry"],"_links":{"self":[{"href":"https:\/\/hsv-starnberg.de\/index.php?rest_route=\/wp\/v2\/pages\/5548","targetHints":{"allow":["GET"]}}],"collection":[{"href":"https:\/\/hsv-starnberg.de\/index.php?rest_route=\/wp\/v2\/pages"}],"about":[{"href":"https:\/\/hsv-starnberg.de\/index.php?rest_route=\/wp\/v2\/types\/page"}],"author":[{"embeddable":true,"href":"https:\/\/hsv-starnberg.de\/index.php?rest_route=\/wp\/v2\/users\/1"}],"replies":[{"embeddable":true,"href":"https:\/\/hsv-starnberg.de\/index.php?rest_route=%2Fwp%2Fv2%2Fcomments&post=5548"}],"version-history":[{"count":6,"href":"https:\/\/hsv-starnberg.de\/index.php?rest_route=\/wp\/v2\/pages\/5548\/revisions"}],"predecessor-version":[{"id":5564,"href":"https:\/\/hsv-starnberg.de\/index.php?rest_route=\/wp\/v2\/pages\/5548\/revisions\/5564"}],"up":[{"embeddable":true,"href":"https:\/\/hsv-starnberg.de\/index.php?rest_route=\/wp\/v2\/pages\/768"}],"wp:attachment":[{"href":"https:\/\/hsv-starnberg.de\/index.php?rest_route=%2Fwp%2Fv2%2Fmedia&parent=5548"}],"curies":[{"name":"wp","href":"https:\/\/api.w.org\/{rel}","templated":true}]}}