{"id":85,"date":"2015-05-14T01:32:28","date_gmt":"2015-05-13T23:32:28","guid":{"rendered":"http:\/\/hsv-starnberg.de\/wordpress\/?page_id=85"},"modified":"2020-05-23T00:27:36","modified_gmt":"2020-05-22T22:27:36","slug":"rally-obedience","status":"publish","type":"page","link":"https:\/\/hsv-starnberg.de\/?page_id=85","title":{"rendered":"Rally Obedience"},"content":{"rendered":"<p>Rally Obedience findet beim HSV Starnberg jeweils Donnerstags ab 16.00 Uhr statt.<\/p>\n<p><span style=\"font-size: 10pt;\">Anmeldung \u00fcber:<\/span><\/p>\n<p><span style=\"font-size: small;\">\u00a0<u><span style=\"color: #000025; font-size: small;\">Thomas Kriegel &#8211; tms.krg@gmail.com<\/span><\/u><\/span><\/p>\n<p><u><span style=\"color: #000025; font-size: small;\">Monika Rimb\u00f6ck &#8211; <\/span><\/u><u><span style=\"color: #000025; font-size: small;\">moni2266@web.de<\/span><\/u><\/p>\n<p>&nbsp;<\/p>\n<p><span style=\"font-size: 10pt;\"><span style=\"color: #0000ff;\"><span style=\"font-size: 10pt;\">Begleithundepr\u00fcfung bestanden und was nun?\u00a0 Wie w\u00e4re es z. B. mit Rally Obedience?<\/span><\/span><\/span><\/p>\n<p><span style=\"font-size: 10pt;\">Rally Obedience ist eine relativ junge Sportart aus den USA und ist vereinfacht gesagt eine Kombination aus Obedience und Agility. Verschiedene Gehorsams\u00fcbungen werden in einem vorgegebenen Parcours abgefragt. Hier kommt es sowohl auf Pr\u00e4zision als auch auf Tempo an. Im Vordergrund steht aber ganz klar der Spa\u00df f\u00fcr Mensch und Hund. Reden mit dem Hund und mtivieren ist deshalb \u00fcbrigens ausdr\u00fccklich erlaubt und schon mit ein bisschen \u00dcbung ist ein Anf\u00e4ngerparcours erfolgreich zu bew\u00e4ltigen.<\/span><\/p>\n<p><span style=\"font-size: 10pt;\">Rally Obedience ist f\u00fcr fast jeden Hundebesitzer und seinen Vierbeiner geeignet. Am besten einfach mal vorbei kommen und ausprobieren<\/span><\/p>\n<p>&nbsp;<\/p>\n","protected":false},"excerpt":{"rendered":"<p>Rally Obedience findet beim HSV Starnberg jeweils Donnerstags ab 16.00 Uhr statt. Anmeldung \u00fcber: \u00a0Thomas Kriegel &#8211; tms.krg@gmail.com Monika Rimb\u00f6ck &#8211; moni2266@web.de &nbsp; Begleithundepr\u00fcfung bestanden und was nun?\u00a0 Wie w\u00e4re es z. B. mit Rally Obedience? Rally Obedience ist eine relativ junge Sportart aus den USA und ist vereinfacht gesagt eine Kombination aus Obedience und &hellip; <a href=\"https:\/\/hsv-starnberg.de\/?page_id=85\" class=\"more-link\"><span class=\"screen-reader-text\">Rally Obedience<\/span> weiterlesen <span class=\"meta-nav\">&rarr;<\/span><\/a><\/p>\n","protected":false},"author":1,"featured_media":0,"parent":87,"menu_order":0,"comment_status":"closed","ping_status":"closed","template":"page-templates\/full-width.php","meta":{"footnotes":""},"class_list":["post-85","page","type-page","status-publish","hentry"],"_links":{"self":[{"href":"https:\/\/hsv-starnberg.de\/index.php?rest_route=\/wp\/v2\/pages\/85","targetHints":{"allow":["GET"]}}],"collection":[{"href":"https:\/\/hsv-starnberg.de\/index.php?rest_route=\/wp\/v2\/pages"}],"about":[{"href":"https:\/\/hsv-starnberg.de\/index.php?rest_route=\/wp\/v2\/types\/page"}],"author":[{"embeddable":true,"href":"https:\/\/hsv-starnberg.de\/index.php?rest_route=\/wp\/v2\/users\/1"}],"replies":[{"embeddable":true,"href":"https:\/\/hsv-starnberg.de\/index.php?rest_route=%2Fwp%2Fv2%2Fcomments&post=85"}],"version-history":[{"count":6,"href":"https:\/\/hsv-starnberg.de\/index.php?rest_route=\/wp\/v2\/pages\/85\/revisions"}],"predecessor-version":[{"id":2564,"href":"https:\/\/hsv-starnberg.de\/index.php?rest_route=\/wp\/v2\/pages\/85\/revisions\/2564"}],"up":[{"embeddable":true,"href":"https:\/\/hsv-starnberg.de\/index.php?rest_route=\/wp\/v2\/pages\/87"}],"wp:attachment":[{"href":"https:\/\/hsv-starnberg.de\/index.php?rest_route=%2Fwp%2Fv2%2Fmedia&parent=85"}],"curies":[{"name":"wp","href":"https:\/\/api.w.org\/{rel}","templated":true}]}}