{"id":92,"date":"2015-05-14T11:45:52","date_gmt":"2015-05-14T09:45:52","guid":{"rendered":"http:\/\/hsv-starnberg.de\/wordpress\/?page_id=92"},"modified":"2023-10-12T00:37:54","modified_gmt":"2023-10-11T22:37:54","slug":"obedience","status":"publish","type":"page","link":"https:\/\/hsv-starnberg.de\/?page_id=92","title":{"rendered":"Obedience"},"content":{"rendered":"<p>Obedience im HSV Starnberg zur Zeit Dienstags ab 10.00 Uhr statt.<\/p>\n<p>Ansprechpartner<\/p>\n<p>Helga Stein<\/p>\n<p>Telefon 0177 2941267<\/p>\n<p>Email: Helga.stein@t-online.de<\/p>\n<p><strong><span style=\"color: #999999;\">Obedience laut VDH (Verband f\u00fcr das deutsche Hundewesen):<\/span><\/strong><\/p>\n<p><span style=\"color: #999999;\">&#8222;Gehorsam und freudige Teamarbeit zwischen Hund und Mensch sind die Trags\u00e4ulen der aus England stammenden Hundesportart Obedience. In verschiedenen Situationen wird kontrolliertes Verhalten abverlangt; dabei spielen Arbeitswille, Arbeitsgeschwindigkeit und Pr\u00e4zision in der Ausf\u00fchrungen der \u00dcbungen eine Rolle.\u00a0<\/span><\/p>\n<p><span style=\"color: #999999;\">Zu dieser Sportart geh\u00f6rt neben der vollst\u00e4ndigen Beherrschung der Basish\u00f6rzeichen auch das Apportieren von unterschiedlichen Materialien (Holz, Metall, Kunststoff). Besonders wichtig ist beim Obedience die Kontrolle auf Distanz. Dabei lenkt der Hundef\u00fchrer seinen Hund nur durch H\u00f6r- und Satzzeichen aus gr\u00f6\u00dferer Entfernung. Auf diese Anweisungen hin muss der Hund pr\u00e4zise zwischen der Sitz-, Steh-, und Platz-Position wechseln, wird zu unterschiedlichen Markierungspunkten geschickt und muss zwischen rechts und links unterscheiden k\u00f6nnen.<\/span><\/p>\n<p><span style=\"color: #999999;\">Beim Richtungsapport wird der Hund gezielt zu einem der drei ausgelegten Bringh\u00f6lzer geschickt (Mitte, rechte Seite, linke Seite) und darf nur das angezeigte Objekt apportieren. Ein weiteres Element beim Obedience ist die Geruchsidentifikation. Aus mehreren identischen Objekten muss der Hund das herausfinden, welches der Hundef\u00fchrer vorher ber\u00fchrt hat.<\/span><\/p>\n<p><span style=\"color: #999999;\">Seit 2002 wird Obedience auch in Deutschland angeboten. Alle Hundesportverb\u00e4nde im VDH betreiben aktiv und erfolgreich diese Sportart und richten mehr als 250 Wettk\u00e4mpfe j\u00e4hrlich aus.<\/span><\/p>\n<p><span style=\"color: #999999;\">Worin der Sinn von Obedience liegt? Diese Sportart gibt Hundesportlern die M\u00f6glichkeit, ihre Vierbeiner sinnvoll zu besch\u00e4ftigen. Die Arbeitsweise der Spitzenteams fasziniert viele Hundebesitzer. Pr\u00e4zises und regelm\u00e4\u00dfiges Training ist Grundvoraussetzung f\u00fcr den Erfolg in diesem Sport. Die Arbeitsfreude der Hunde sollte dabei aber immer im Vordergrund stehen.<\/span><\/p>\n<p><span style=\"color: #999999;\">Dass w\u00e4hrend eines Wettkampfes in allen Leistungsklassen die Sozialvertr\u00e4glichkeit aller teilnehmenden Hunde immer wieder \u00fcberpr\u00fcft wird, ist ein weiterer sehr wichtiger Effekt.<\/span><\/p>\n<p><span style=\"color: #999999;\">Kein Wunder, dass Obedience viele Hundehalter anspricht. Eigentlich findet sich jeder in diesem Sport wieder, der sich gerne mit seinem Hund besch\u00e4ftigt. Spa\u00df an Gehorsamkeits\u00fcbungen sollte man auf jeden Fall haben. Ehrgeiz, der allerdings nicht auf Kosten des Hundes gehen darf, geh\u00f6rt nat\u00fcrlich auch dazu.&#8220;<\/span><\/p>\n<div class=\"rl-gallery-container \" id=\"rl-gallery-container-1\" data-gallery_id=\"0\"> <div class=\"rl-gallery rl-basicgrid-gallery \" id=\"rl-gallery-1\" data-gallery_no=\"1\"> <div class=\"rl-gallery-item\"><a href=\"https:\/\/hsv-starnberg.de\/wp-content\/uploads\/2020\/01\/1_IMG_5814-Harry-Box-640x382.jpg\" title=\"\" data-rl_title=\"\" class=\"rl-gallery-link\" data-rl_caption=\"\" data-rel=\"lightbox-gallery-1\"><img loading=\"lazy\" decoding=\"async\" src=\"https:\/\/hsv-starnberg.de\/wp-content\/uploads\/2020\/01\/1_IMG_5814-Harry-Box-640x382.jpg\" width=\"640\" height=\"382\" alt=\"\" \/><\/a><\/div><div class=\"rl-gallery-item\"><a href=\"https:\/\/hsv-starnberg.de\/wp-content\/uploads\/2020\/01\/2_IMG_5766-Harry-Box-640x427.jpg\" title=\"\" data-rl_title=\"\" class=\"rl-gallery-link\" data-rl_caption=\"\" data-rel=\"lightbox-gallery-1\"><img loading=\"lazy\" decoding=\"async\" src=\"https:\/\/hsv-starnberg.de\/wp-content\/uploads\/2020\/01\/2_IMG_5766-Harry-Box-640x427.jpg\" width=\"640\" height=\"427\" alt=\"\" \/><\/a><\/div><div class=\"rl-gallery-item\"><a href=\"https:\/\/hsv-starnberg.de\/wp-content\/uploads\/2020\/01\/3_IMG_5834-Harry-R\u00fcckruf-aus-der-Box-640x372.jpg\" title=\"\" data-rl_title=\"\" class=\"rl-gallery-link\" data-rl_caption=\"\" data-rel=\"lightbox-gallery-1\"><img loading=\"lazy\" decoding=\"async\" src=\"https:\/\/hsv-starnberg.de\/wp-content\/uploads\/2020\/01\/3_IMG_5834-Harry-R\u00fcckruf-aus-der-Box-640x372.jpg\" width=\"640\" height=\"372\" alt=\"\" \/><\/a><\/div><div class=\"rl-gallery-item\"><a href=\"https:\/\/hsv-starnberg.de\/wp-content\/uploads\/2020\/01\/4_IMG_5847-Harry-und-Kathrin-640x528.jpg\" title=\"\" data-rl_title=\"\" class=\"rl-gallery-link\" data-rl_caption=\"\" data-rel=\"lightbox-gallery-1\"><img loading=\"lazy\" decoding=\"async\" src=\"https:\/\/hsv-starnberg.de\/wp-content\/uploads\/2020\/01\/4_IMG_5847-Harry-und-Kathrin-640x528.jpg\" width=\"640\" height=\"528\" alt=\"\" \/><\/a><\/div><div class=\"rl-gallery-item\"><a href=\"https:\/\/hsv-starnberg.de\/wp-content\/uploads\/2020\/01\/5_IMG_5970-Harry-Distanz-640x625.jpg\" title=\"\" data-rl_title=\"\" class=\"rl-gallery-link\" data-rl_caption=\"\" data-rel=\"lightbox-gallery-1\"><img loading=\"lazy\" decoding=\"async\" src=\"https:\/\/hsv-starnberg.de\/wp-content\/uploads\/2020\/01\/5_IMG_5970-Harry-Distanz-640x625.jpg\" width=\"640\" height=\"625\" alt=\"\" \/><\/a><\/div><div class=\"rl-gallery-item\"><a href=\"https:\/\/hsv-starnberg.de\/wp-content\/uploads\/2020\/01\/6_IMG_5286-Moon-Voraus-449x640.jpg\" title=\"\" data-rl_title=\"\" class=\"rl-gallery-link\" data-rl_caption=\"\" data-rel=\"lightbox-gallery-1\"><img loading=\"lazy\" decoding=\"async\" src=\"https:\/\/hsv-starnberg.de\/wp-content\/uploads\/2020\/01\/6_IMG_5286-Moon-Voraus-449x640.jpg\" width=\"449\" height=\"640\" alt=\"\" \/><\/a><\/div><div class=\"rl-gallery-item\"><a href=\"https:\/\/hsv-starnberg.de\/wp-content\/uploads\/2020\/01\/7_IMG_5348-Moon-Voraus-640x559.jpg\" title=\"\" data-rl_title=\"\" class=\"rl-gallery-link\" data-rl_caption=\"\" data-rel=\"lightbox-gallery-1\"><img loading=\"lazy\" decoding=\"async\" src=\"https:\/\/hsv-starnberg.de\/wp-content\/uploads\/2020\/01\/7_IMG_5348-Moon-Voraus-640x559.jpg\" width=\"640\" height=\"559\" alt=\"\" \/><\/a><\/div><div class=\"rl-gallery-item\"><a href=\"https:\/\/hsv-starnberg.de\/wp-content\/uploads\/2020\/01\/8_IMG_5382-Jamie-Heelwork-Beginner-571x640.jpg\" title=\"\" data-rl_title=\"\" class=\"rl-gallery-link\" data-rl_caption=\"\" data-rel=\"lightbox-gallery-1\"><img loading=\"lazy\" decoding=\"async\" src=\"https:\/\/hsv-starnberg.de\/wp-content\/uploads\/2020\/01\/8_IMG_5382-Jamie-Heelwork-Beginner-571x640.jpg\" width=\"571\" height=\"640\" alt=\"\" \/><\/a><\/div><div class=\"rl-gallery-item\"><a href=\"https:\/\/hsv-starnberg.de\/wp-content\/uploads\/2020\/01\/9_IMG_5443-Jamie-Heelwork-543x640.jpg\" title=\"\" data-rl_title=\"\" class=\"rl-gallery-link\" data-rl_caption=\"\" data-rel=\"lightbox-gallery-1\"><img loading=\"lazy\" decoding=\"async\" src=\"https:\/\/hsv-starnberg.de\/wp-content\/uploads\/2020\/01\/9_IMG_5443-Jamie-Heelwork-543x640.jpg\" width=\"543\" height=\"640\" alt=\"\" \/><\/a><\/div><div class=\"rl-gallery-item\"><a href=\"https:\/\/hsv-starnberg.de\/wp-content\/uploads\/2020\/01\/10_IMG_5468-Jamie-spielen-640x601.jpg\" title=\"\" data-rl_title=\"\" class=\"rl-gallery-link\" data-rl_caption=\"\" data-rel=\"lightbox-gallery-1\"><img loading=\"lazy\" decoding=\"async\" src=\"https:\/\/hsv-starnberg.de\/wp-content\/uploads\/2020\/01\/10_IMG_5468-Jamie-spielen-640x601.jpg\" width=\"640\" height=\"601\" alt=\"\" \/><\/a><\/div><div class=\"rl-gallery-item\"><a href=\"https:\/\/hsv-starnberg.de\/wp-content\/uploads\/2020\/01\/11_IMG_5683-Buffy-Target-640x335.jpg\" title=\"\" data-rl_title=\"\" class=\"rl-gallery-link\" data-rl_caption=\"\" data-rel=\"lightbox-gallery-1\"><img loading=\"lazy\" decoding=\"async\" src=\"https:\/\/hsv-starnberg.de\/wp-content\/uploads\/2020\/01\/11_IMG_5683-Buffy-Target-640x335.jpg\" width=\"640\" height=\"335\" alt=\"\" \/><\/a><\/div><div class=\"rl-gallery-item\"><a href=\"https:\/\/hsv-starnberg.de\/wp-content\/uploads\/2020\/01\/12_IMG_5656-Buffy-Platz-640x380.jpg\" title=\"\" data-rl_title=\"\" class=\"rl-gallery-link\" data-rl_caption=\"\" data-rel=\"lightbox-gallery-1\"><img loading=\"lazy\" decoding=\"async\" src=\"https:\/\/hsv-starnberg.de\/wp-content\/uploads\/2020\/01\/12_IMG_5656-Buffy-Platz-640x380.jpg\" width=\"640\" height=\"380\" alt=\"\" \/><\/a><\/div><div class=\"rl-gallery-item\"><a href=\"https:\/\/hsv-starnberg.de\/wp-content\/uploads\/2020\/01\/13_IMG_5605-K-Poldi-Heelwork-640x348.jpg\" title=\"\" data-rl_title=\"\" class=\"rl-gallery-link\" data-rl_caption=\"\" data-rel=\"lightbox-gallery-1\"><img loading=\"lazy\" decoding=\"async\" src=\"https:\/\/hsv-starnberg.de\/wp-content\/uploads\/2020\/01\/13_IMG_5605-K-Poldi-Heelwork-640x348.jpg\" width=\"640\" height=\"348\" alt=\"\" \/><\/a><\/div><div class=\"rl-gallery-item\"><a href=\"https:\/\/hsv-starnberg.de\/wp-content\/uploads\/2020\/03\/OB_Gruppenabsitzen-640x460.jpg\" title=\"\" data-rl_title=\"\" class=\"rl-gallery-link\" data-rl_caption=\"\" data-rel=\"lightbox-gallery-1\"><img loading=\"lazy\" decoding=\"async\" src=\"https:\/\/hsv-starnberg.de\/wp-content\/uploads\/2020\/03\/OB_Gruppenabsitzen-640x460.jpg\" width=\"640\" height=\"460\" alt=\"\" \/><\/a><\/div><div class=\"rl-gallery-item\"><a href=\"https:\/\/hsv-starnberg.de\/wp-content\/uploads\/2020\/03\/OB_Gruppenabliegen-640x407.jpg\" title=\"\" data-rl_title=\"\" class=\"rl-gallery-link\" data-rl_caption=\"\" data-rel=\"lightbox-gallery-1\"><img loading=\"lazy\" decoding=\"async\" src=\"https:\/\/hsv-starnberg.de\/wp-content\/uploads\/2020\/03\/OB_Gruppenabliegen-640x407.jpg\" width=\"640\" height=\"407\" alt=\"\" \/><\/a><\/div> <\/div> <\/div>\n","protected":false},"excerpt":{"rendered":"<p>Obedience im HSV Starnberg zur Zeit Dienstags ab 10.00 Uhr statt. Ansprechpartner Helga Stein Telefon 0177 2941267 Email: Helga.stein@t-online.de Obedience laut VDH (Verband f\u00fcr das deutsche Hundewesen): &#8222;Gehorsam und freudige Teamarbeit zwischen Hund und Mensch sind die Trags\u00e4ulen der aus England stammenden Hundesportart Obedience. In verschiedenen Situationen wird kontrolliertes Verhalten abverlangt; dabei spielen Arbeitswille, Arbeitsgeschwindigkeit &hellip; <a href=\"https:\/\/hsv-starnberg.de\/?page_id=92\" class=\"more-link\"><span class=\"screen-reader-text\">Obedience<\/span> weiterlesen <span class=\"meta-nav\">&rarr;<\/span><\/a><\/p>\n","protected":false},"author":1,"featured_media":0,"parent":87,"menu_order":0,"comment_status":"closed","ping_status":"closed","template":"page-templates\/full-width.php","meta":{"footnotes":""},"class_list":["post-92","page","type-page","status-publish","hentry"],"_links":{"self":[{"href":"https:\/\/hsv-starnberg.de\/index.php?rest_route=\/wp\/v2\/pages\/92","targetHints":{"allow":["GET"]}}],"collection":[{"href":"https:\/\/hsv-starnberg.de\/index.php?rest_route=\/wp\/v2\/pages"}],"about":[{"href":"https:\/\/hsv-starnberg.de\/index.php?rest_route=\/wp\/v2\/types\/page"}],"author":[{"embeddable":true,"href":"https:\/\/hsv-starnberg.de\/index.php?rest_route=\/wp\/v2\/users\/1"}],"replies":[{"embeddable":true,"href":"https:\/\/hsv-starnberg.de\/index.php?rest_route=%2Fwp%2Fv2%2Fcomments&post=92"}],"version-history":[{"count":21,"href":"https:\/\/hsv-starnberg.de\/index.php?rest_route=\/wp\/v2\/pages\/92\/revisions"}],"predecessor-version":[{"id":5765,"href":"https:\/\/hsv-starnberg.de\/index.php?rest_route=\/wp\/v2\/pages\/92\/revisions\/5765"}],"up":[{"embeddable":true,"href":"https:\/\/hsv-starnberg.de\/index.php?rest_route=\/wp\/v2\/pages\/87"}],"wp:attachment":[{"href":"https:\/\/hsv-starnberg.de\/index.php?rest_route=%2Fwp%2Fv2%2Fmedia&parent=92"}],"curies":[{"name":"wp","href":"https:\/\/api.w.org\/{rel}","templated":true}]}}