{"id":98,"date":"2015-05-14T11:47:23","date_gmt":"2015-05-14T09:47:23","guid":{"rendered":"http:\/\/hsv-starnberg.de\/wordpress\/?page_id=98"},"modified":"2024-04-18T11:05:47","modified_gmt":"2024-04-18T09:05:47","slug":"flyball","status":"publish","type":"page","link":"https:\/\/hsv-starnberg.de\/?page_id=98","title":{"rendered":"Flyball"},"content":{"rendered":"<p>Flyball beim HSV Starnberg findet jeweils Donnerstags ab 18.30 Uhr statt.\u00a0 Ansprechpartner ist<\/p>\n<p>Jenny N\u00f6hrnberg<\/p>\n<p>Telefon 0152 53551182<\/p>\n<p>Email: jenny.noehrnberg@gmail.com<\/p>\n<p><span style=\"color: #808080;\">Flyball laut VDH:<\/span><\/p>\n<p><span style=\"color: #808080;\">&#8222;Flyball ist ein Wettkampfsport, bei dem zwei Mannschaften gegeneinander antreten &#8211; auf nebeneinanderliegenden Bahnen. Dabei besteht eine Mannschaft aus je vier Teams (Team = Hund + Hundef\u00fchrer). Jeder Hund muss ohne Hilfe seines Hundef\u00fchrers zun\u00e4chst vier H\u00fcrden \u00fcberspringen und dann an der Flyballbox einen Ausl\u00f6ser bet\u00e4tigen. Dadurch wird ein Ball herausgeworfen, den der Hund fangen muss. Dann rennt er mit dem Ball im Fang den Weg \u00fcber die H\u00fcrden zur\u00fcck zur Start- und Ziellinie.<\/span><\/p>\n<p><span style=\"color: #808080;\">Flyball f\u00f6rdert auf spielerische Art Bewegungsfreude, Selbstsicherheit und Sozialverhalten des Hundes.&#8220;<\/span><\/p>\n<p>Flyball ist ein Staffellauf von 4 Teams. Wenn der 1. Hund die Ziellinie mit dem Ball \u00fcberschreitet darf der 2. Hund die Linie passieren. Ideal ist es wenn die Hunde sich Nase an Nase auf der Start\/Ziellinie begegnen. \u00dcberlappung bedeutet Fehler,\u00a0 zu gro\u00dfer Abstand bedeutet Zeitverlust. Jeder Hundef\u00fchrer muss also die Laufgeschwindigkeiten seiner Vorl\u00e4ufer in und auswendig kennen, damit er im richtigen Augenblick seinen Hund starten kann.<\/p>\n<p>Die Hunde springen mit allen 4 Pfoten auf die Ballmaschine, der Ball wird dadurch frei gegeben und von den Hunden idealerweise einfach abgepfl\u00fcckt und schon sind sie wieder auf dem R\u00fcckweg.<\/p>\n<p>Flyball ist ein Mannschaftssport. Es ist ganz einfach f\u00fcr sich alleine zu laufen und sich selbst f\u00fcr seine Fehler zu tadeln. Mannschaft bedeutet aber sich zur\u00fcck zu nehmen\u00a0 und\u00a0 Fehler der anderen Teams oder die seines Hundes zu tolerieren.<\/p>\n<p><span style=\"color: #3366ff;\">Weitere sehr gute Infos gibt&#8217;s es auf\u00a0 www.flyball.de<\/span><\/p>\n<figure id=\"attachment_1849\" aria-describedby=\"caption-attachment-1849\" style=\"width: 150px\" class=\"wp-caption alignleft\"><a href=\"http:\/\/hsv-starnberg.de\/?attachment_id=1849\" rel=\"attachment wp-att-1849\"><img loading=\"lazy\" decoding=\"async\" class=\"wp-image-1849 size-thumbnail\" src=\"http:\/\/hsv-starnberg.de\/wp-content\/uploads\/2015\/05\/IMG_7198-150x150.jpg\" alt=\"\" width=\"150\" height=\"150\" \/><\/a><figcaption id=\"caption-attachment-1849\" class=\"wp-caption-text\">Kody<\/figcaption><\/figure>\n<figure id=\"attachment_1848\" aria-describedby=\"caption-attachment-1848\" style=\"width: 150px\" class=\"wp-caption alignleft\"><a href=\"http:\/\/hsv-starnberg.de\/?attachment_id=1848\" rel=\"attachment wp-att-1848\"><img loading=\"lazy\" decoding=\"async\" class=\"wp-image-1848 size-thumbnail\" src=\"http:\/\/hsv-starnberg.de\/wp-content\/uploads\/2015\/05\/IMG_7092-150x150.jpg\" alt=\"\" width=\"150\" height=\"150\" \/><\/a><figcaption id=\"caption-attachment-1848\" class=\"wp-caption-text\">Kody an der Flyball-Box<\/figcaption><\/figure>\n<figure id=\"attachment_1850\" aria-describedby=\"caption-attachment-1850\" style=\"width: 150px\" class=\"wp-caption alignleft\"><a href=\"http:\/\/hsv-starnberg.de\/?attachment_id=1850\" rel=\"attachment wp-att-1850\"><img loading=\"lazy\" decoding=\"async\" class=\"size-thumbnail wp-image-1850\" src=\"http:\/\/hsv-starnberg.de\/wp-content\/uploads\/2015\/05\/IMG_7183-150x150.jpg\" alt=\"\" width=\"150\" height=\"150\" \/><\/a><figcaption id=\"caption-attachment-1850\" class=\"wp-caption-text\">Leonie an der Flyball-Box<\/figcaption><\/figure>\n<figure id=\"attachment_1851\" aria-describedby=\"caption-attachment-1851\" style=\"width: 150px\" class=\"wp-caption alignleft\"><a href=\"http:\/\/hsv-starnberg.de\/?attachment_id=1851\" rel=\"attachment wp-att-1851\"><img loading=\"lazy\" decoding=\"async\" class=\"size-thumbnail wp-image-1851\" src=\"http:\/\/hsv-starnberg.de\/wp-content\/uploads\/2015\/05\/IMG_7054-150x150.jpg\" alt=\"\" width=\"150\" height=\"150\" \/><\/a><figcaption id=\"caption-attachment-1851\" class=\"wp-caption-text\">Robert beim Start mit Lee<\/figcaption><\/figure>\n<figure id=\"attachment_1852\" aria-describedby=\"caption-attachment-1852\" style=\"width: 150px\" class=\"wp-caption alignleft\"><a href=\"http:\/\/hsv-starnberg.de\/?attachment_id=1852\" rel=\"attachment wp-att-1852\"><img loading=\"lazy\" decoding=\"async\" class=\"size-thumbnail wp-image-1852\" src=\"http:\/\/hsv-starnberg.de\/wp-content\/uploads\/2015\/05\/IMG_7205-150x150.jpg\" alt=\"\" width=\"150\" height=\"150\" \/><\/a><figcaption id=\"caption-attachment-1852\" class=\"wp-caption-text\">Lee auf dem Weg zur Flyball-Box<\/figcaption><\/figure>\n<figure id=\"attachment_1853\" aria-describedby=\"caption-attachment-1853\" style=\"width: 150px\" class=\"wp-caption alignleft\"><a href=\"http:\/\/hsv-starnberg.de\/?attachment_id=1853\" rel=\"attachment wp-att-1853\"><img loading=\"lazy\" decoding=\"async\" class=\"wp-image-1853 size-thumbnail\" src=\"http:\/\/hsv-starnberg.de\/wp-content\/uploads\/2015\/05\/Flyballmannschaft-2018-150x150.jpg\" alt=\"\" width=\"150\" height=\"150\" \/><\/a><figcaption id=\"caption-attachment-1853\" class=\"wp-caption-text\">Flyball-Mannschaft 2018 nach dem Start in Vaterstetten<\/figcaption><\/figure>\n<figure id=\"attachment_1960\" aria-describedby=\"caption-attachment-1960\" style=\"width: 150px\" class=\"wp-caption alignleft\"><a href=\"http:\/\/hsv-starnberg.de\/?attachment_id=1960\" rel=\"attachment wp-att-1960\"><img loading=\"lazy\" decoding=\"async\" class=\"wp-image-1960 size-thumbnail\" src=\"http:\/\/hsv-starnberg.de\/wp-content\/uploads\/2015\/05\/Moon-150x150.jpg\" alt=\"\" width=\"150\" height=\"150\" \/><\/a><figcaption id=\"caption-attachment-1960\" class=\"wp-caption-text\">Moon auf dem Weg zur Box<\/figcaption><\/figure>\n<figure id=\"attachment_1962\" aria-describedby=\"caption-attachment-1962\" style=\"width: 150px\" class=\"wp-caption alignleft\"><a href=\"http:\/\/hsv-starnberg.de\/?attachment_id=1962\" rel=\"attachment wp-att-1962\"><img loading=\"lazy\" decoding=\"async\" class=\"size-thumbnail wp-image-1962\" src=\"http:\/\/hsv-starnberg.de\/wp-content\/uploads\/2015\/05\/IMG_5345-150x150.jpg\" alt=\"\" width=\"150\" height=\"150\" \/><\/a><figcaption id=\"caption-attachment-1962\" class=\"wp-caption-text\">Kody an der Box<\/figcaption><\/figure>\n","protected":false},"excerpt":{"rendered":"<p>Flyball beim HSV Starnberg findet jeweils Donnerstags ab 18.30 Uhr statt.\u00a0 Ansprechpartner ist Jenny N\u00f6hrnberg Telefon 0152 53551182 Email: jenny.noehrnberg@gmail.com Flyball laut VDH: &#8222;Flyball ist ein Wettkampfsport, bei dem zwei Mannschaften gegeneinander antreten &#8211; auf nebeneinanderliegenden Bahnen. Dabei besteht eine Mannschaft aus je vier Teams (Team = Hund + Hundef\u00fchrer). Jeder Hund muss ohne Hilfe &hellip; <a href=\"https:\/\/hsv-starnberg.de\/?page_id=98\" class=\"more-link\"><span class=\"screen-reader-text\">Flyball<\/span> weiterlesen <span class=\"meta-nav\">&rarr;<\/span><\/a><\/p>\n","protected":false},"author":1,"featured_media":0,"parent":87,"menu_order":0,"comment_status":"closed","ping_status":"closed","template":"page-templates\/full-width.php","meta":{"footnotes":""},"class_list":["post-98","page","type-page","status-publish","hentry"],"_links":{"self":[{"href":"https:\/\/hsv-starnberg.de\/index.php?rest_route=\/wp\/v2\/pages\/98","targetHints":{"allow":["GET"]}}],"collection":[{"href":"https:\/\/hsv-starnberg.de\/index.php?rest_route=\/wp\/v2\/pages"}],"about":[{"href":"https:\/\/hsv-starnberg.de\/index.php?rest_route=\/wp\/v2\/types\/page"}],"author":[{"embeddable":true,"href":"https:\/\/hsv-starnberg.de\/index.php?rest_route=\/wp\/v2\/users\/1"}],"replies":[{"embeddable":true,"href":"https:\/\/hsv-starnberg.de\/index.php?rest_route=%2Fwp%2Fv2%2Fcomments&post=98"}],"version-history":[{"count":10,"href":"https:\/\/hsv-starnberg.de\/index.php?rest_route=\/wp\/v2\/pages\/98\/revisions"}],"predecessor-version":[{"id":6237,"href":"https:\/\/hsv-starnberg.de\/index.php?rest_route=\/wp\/v2\/pages\/98\/revisions\/6237"}],"up":[{"embeddable":true,"href":"https:\/\/hsv-starnberg.de\/index.php?rest_route=\/wp\/v2\/pages\/87"}],"wp:attachment":[{"href":"https:\/\/hsv-starnberg.de\/index.php?rest_route=%2Fwp%2Fv2%2Fmedia&parent=98"}],"curies":[{"name":"wp","href":"https:\/\/api.w.org\/{rel}","templated":true}]}}